{"id":22,"date":"2024-07-08T15:22:02","date_gmt":"2024-07-08T13:22:02","guid":{"rendered":"https:\/\/fredsem.cluster029.hosting.ovh.net\/?page_id=22"},"modified":"2024-11-29T16:59:59","modified_gmt":"2024-11-29T15:59:59","slug":"contact","status":"publish","type":"page","link":"https:\/\/fredsegogne.art\/index.php\/contact\/","title":{"rendered":"Contact"},"content":{"rendered":"\n<p>Je suis \u00e0 votre disposition pour toute vos id\u00e9es de projet, vous pouvez me contacter par t\u00e9l\u00e9phone ou par email :<\/p>\n\n\n\n<p><mark style=\"background-color:rgba(0, 0, 0, 0)\" class=\"has-inline-color has-accent-2-color\"><strong>06 67 87 02 96<\/strong><\/mark><\/p>\n\n\n\n<p><strong><mark style=\"background-color:rgba(0, 0, 0, 0)\" class=\"has-inline-color has-accent-2-color\">segogne.frederic@gmail.com<\/mark><\/strong><\/p>\n\n\n\n<p><\/p>\n","protected":false},"excerpt":{"rendered":"<p>Je suis \u00e0 votre disposition pour toute vos id\u00e9es de projet, vous pouvez me contacter par t\u00e9l\u00e9phone ou par email : 06 67 87 02 &hellip;<\/p>\n","protected":false},"author":1,"featured_media":0,"parent":0,"menu_order":0,"comment_status":"closed","ping_status":"closed","template":"","meta":{"footnotes":""},"class_list":["post-22","page","type-page","status-publish","hentry"],"_links":{"self":[{"href":"https:\/\/fredsegogne.art\/index.php\/wp-json\/wp\/v2\/pages\/22","targetHints":{"allow":["GET"]}}],"collection":[{"href":"https:\/\/fredsegogne.art\/index.php\/wp-json\/wp\/v2\/pages"}],"about":[{"href":"https:\/\/fredsegogne.art\/index.php\/wp-json\/wp\/v2\/types\/page"}],"author":[{"embeddable":true,"href":"https:\/\/fredsegogne.art\/index.php\/wp-json\/wp\/v2\/users\/1"}],"replies":[{"embeddable":true,"href":"https:\/\/fredsegogne.art\/index.php\/wp-json\/wp\/v2\/comments?post=22"}],"version-history":[{"count":7,"href":"https:\/\/fredsegogne.art\/index.php\/wp-json\/wp\/v2\/pages\/22\/revisions"}],"predecessor-version":[{"id":440,"href":"https:\/\/fredsegogne.art\/index.php\/wp-json\/wp\/v2\/pages\/22\/revisions\/440"}],"wp:attachment":[{"href":"https:\/\/fredsegogne.art\/index.php\/wp-json\/wp\/v2\/media?parent=22"}],"curies":[{"name":"wp","href":"https:\/\/api.w.org\/{rel}","templated":true}]}}